{"id":8862,"date":"2025-04-21T11:38:20","date_gmt":"2025-04-21T11:38:20","guid":{"rendered":"https:\/\/www.brbimport.com\/gel-de-manos-olivia-para-dispensador-invisible\/"},"modified":"2026-03-25T11:24:24","modified_gmt":"2026-03-25T11:24:24","slug":"gel-de-manos-olivia-para-dispensador-invisible","status":"publish","type":"product","link":"https:\/\/www.brbimport.com\/pt-pt\/produto\/gel-de-manos-olivia-para-dispensador-invisible\/","title":{"rendered":"Gel de manos OLIVIA para dispensador invisible"},"content":{"rendered":"<p>Dispensadores Rellenables de Jab\u00f3n de Manos \u2013 OLIVIA Hand Wash<\/p>\n<p>Cuida de tus hu\u00e9spedes y del planeta con nuestros dispensadores rellenables de jab\u00f3n de manos, elaborados con pl\u00e1stico reciclado y dise\u00f1ados para una higiene pr\u00e1ctica, elegante y sostenible en hoteles, spas y alojamientos tur\u00edsticos. Una soluci\u00f3n responsable que reduce los residuos pl\u00e1sticos sin renunciar a la calidad ni al dise\u00f1o.<\/p>\n<p>OLIVIA Hand Wash, con f\u00f3rmula vegana a base de extractos org\u00e1nicos de oliva y vitamina E, limpia suavemente mientras nutre y protege la piel. Su textura sedosa y su delicado aroma ofrecen una experiencia de frescura, limpieza y rejuvenecimiento natural, mejorando visiblemente la suavidad y textura de las manos.<\/p>\n<p>Libre de: parabenos, isotiazolinonas, formaldeh\u00eddos, BHT, EDTA, aceites minerales y colorantes.<\/p>\n<p>Una opci\u00f3n consciente y eficaz, pensada para hu\u00e9spedes que valoran productos naturales, seguros y de alta calidad.<\/p>\n<p>Disponible en botellas recargables de 440 ml, compatibles con nuestros dispensadores, para una soluci\u00f3n higi\u00e9nica, duradera y ecol\u00f3gica adaptada a tu establecimiento.<\/p>\n","protected":false},"excerpt":{"rendered":"<p>Gel de manos OLIVIA de 440ml para dispensador invisible rellenable<\/p>\n","protected":false},"featured_media":6156,"template":"","meta":{"_acf_changed":false},"product_brand":[],"product_cat":[],"product_tag":[611],"class_list":{"0":"post-8862","1":"product","2":"type-product","3":"status-publish","4":"has-post-thumbnail","6":"product_tag-cosmetico","8":"first","9":"outofstock","10":"taxable","11":"shipping-taxable","12":"purchasable","13":"product-type-simple"},"acf":[],"_links":{"self":[{"href":"https:\/\/www.brbimport.com\/pt-pt\/wp-json\/wp\/v2\/product\/8862","targetHints":{"allow":["GET"]}}],"collection":[{"href":"https:\/\/www.brbimport.com\/pt-pt\/wp-json\/wp\/v2\/product"}],"about":[{"href":"https:\/\/www.brbimport.com\/pt-pt\/wp-json\/wp\/v2\/types\/product"}],"wp:featuredmedia":[{"embeddable":true,"href":"https:\/\/www.brbimport.com\/pt-pt\/wp-json\/wp\/v2\/media\/6156"}],"wp:attachment":[{"href":"https:\/\/www.brbimport.com\/pt-pt\/wp-json\/wp\/v2\/media?parent=8862"}],"wp:term":[{"taxonomy":"product_brand","embeddable":true,"href":"https:\/\/www.brbimport.com\/pt-pt\/wp-json\/wp\/v2\/product_brand?post=8862"},{"taxonomy":"product_cat","embeddable":true,"href":"https:\/\/www.brbimport.com\/pt-pt\/wp-json\/wp\/v2\/product_cat?post=8862"},{"taxonomy":"product_tag","embeddable":true,"href":"https:\/\/www.brbimport.com\/pt-pt\/wp-json\/wp\/v2\/product_tag?post=8862"}],"curies":[{"name":"wp","href":"https:\/\/api.w.org\/{rel}","templated":true}]}}