{"id":8872,"date":"2025-04-15T15:29:11","date_gmt":"2025-04-15T15:29:11","guid":{"rendered":"https:\/\/www.brbimport.com\/pastillade-jabon-olivia\/"},"modified":"2026-03-25T11:24:40","modified_gmt":"2026-03-25T11:24:40","slug":"pastillade-jabon-olivia","status":"publish","type":"product","link":"https:\/\/www.brbimport.com\/pt-pt\/produto\/pastillade-jabon-olivia\/","title":{"rendered":"Pastilla de jab\u00f3n OLIVIA 40gr."},"content":{"rendered":"<p data-start=\"156\" data-end=\"715\"><strong data-start=\"156\" data-end=\"223\">Jab\u00f3n Exfoliante Olivia con Aceite de Oliva y Semillas de Oliva<\/strong><br data-start=\"223\" data-end=\"226\" \/>Un jab\u00f3n <strong data-start=\"235\" data-end=\"263\">natural, simple y eficaz<\/strong>, formulado con <strong data-start=\"279\" data-end=\"303\">aceite de oliva puro<\/strong> y <strong data-start=\"306\" data-end=\"347\">granos naturales de semillas de oliva<\/strong>. Su f\u00f3rmula limpia suavemente, <strong data-start=\"379\" data-end=\"404\" data-is-only-node=\"\">hidrata profundamente<\/strong> y exfolia la piel de forma delicada, eliminando impurezas y c\u00e9lulas muertas.<br data-start=\"481\" data-end=\"484\" \/>Ideal para todo tipo de piel, este jab\u00f3n combina ingredientes de origen vegetal como <strong data-start=\"569\" data-end=\"636\">sodium palmate, glicerina, sorbitol y olea europaea seed powder<\/strong>, aportando una experiencia sensorial suave, duradera y respetuosa con la piel.<\/p>\n<p data-start=\"717\" data-end=\"887\"><strong data-start=\"717\" data-end=\"747\">Fragancia fresca y natural<\/strong>. Libre de colorantes artificiales.<\/p>\n<p data-start=\"717\" data-end=\"887\">Perfecto para hoteles que priorizan productos responsables, funcionales y con ingredientes de calidad.<\/p>\n<p><strong data-start=\"586\" data-end=\"603\">Presentaci\u00f3n:<\/strong> pastilla de 40 g en envase individual, disponible en cajas de 200 unidades.<\/p>\n<p>Jab\u00f3n de Aceite de Oliva<\/p>\n<p>El aceite de oliva es un excelente hidratante para todo tipo de piel. Este jab\u00f3n \u00fanico, dise\u00f1ado para limpiar y suavizar, es tan simple y puro como un jab\u00f3n puede ser. De larga duraci\u00f3n y hecho con los granos m\u00e1s puros de semillas de oliva natural, proporciona una hidrataci\u00f3n superior mientras exfolia suavemente, dejando la piel suave, fresca y revitalizada.<\/p>\n","protected":false},"excerpt":{"rendered":"<p>Pastillade jab\u00f3n con exfoliante y aceite de oliva de la linea OLIVIA de 40gr.<\/p>\n","protected":false},"featured_media":8874,"template":"","meta":{"_acf_changed":false},"product_brand":[],"product_cat":[],"product_tag":[611],"class_list":{"0":"post-8872","1":"product","2":"type-product","3":"status-publish","4":"has-post-thumbnail","6":"product_tag-cosmetico","8":"first","9":"instock","10":"taxable","11":"shipping-taxable","12":"purchasable","13":"product-type-simple"},"acf":[],"_links":{"self":[{"href":"https:\/\/www.brbimport.com\/pt-pt\/wp-json\/wp\/v2\/product\/8872","targetHints":{"allow":["GET"]}}],"collection":[{"href":"https:\/\/www.brbimport.com\/pt-pt\/wp-json\/wp\/v2\/product"}],"about":[{"href":"https:\/\/www.brbimport.com\/pt-pt\/wp-json\/wp\/v2\/types\/product"}],"wp:featuredmedia":[{"embeddable":true,"href":"https:\/\/www.brbimport.com\/pt-pt\/wp-json\/wp\/v2\/media\/8874"}],"wp:attachment":[{"href":"https:\/\/www.brbimport.com\/pt-pt\/wp-json\/wp\/v2\/media?parent=8872"}],"wp:term":[{"taxonomy":"product_brand","embeddable":true,"href":"https:\/\/www.brbimport.com\/pt-pt\/wp-json\/wp\/v2\/product_brand?post=8872"},{"taxonomy":"product_cat","embeddable":true,"href":"https:\/\/www.brbimport.com\/pt-pt\/wp-json\/wp\/v2\/product_cat?post=8872"},{"taxonomy":"product_tag","embeddable":true,"href":"https:\/\/www.brbimport.com\/pt-pt\/wp-json\/wp\/v2\/product_tag?post=8872"}],"curies":[{"name":"wp","href":"https:\/\/api.w.org\/{rel}","templated":true}]}}