{"id":8897,"date":"2025-04-15T15:29:04","date_gmt":"2025-04-15T15:29:04","guid":{"rendered":"https:\/\/www.brbimport.com\/gorro-de-duna-y-set-de-costura-para-hotel\/"},"modified":"2026-05-06T14:45:06","modified_gmt":"2026-05-06T14:45:06","slug":"gorro-de-duna-y-set-de-costura-para-hotel","status":"publish","type":"product","link":"https:\/\/www.brbimport.com\/pt-pt\/produto\/gorro-de-duna-y-set-de-costura-para-hotel\/","title":{"rendered":"Gorro de du\u00f1a y set de costura para hotel"},"content":{"rendered":"<p data-start=\"135\" data-end=\"242\">\ud83c\udf81 <strong data-start=\"138\" data-end=\"189\">\u00a1Ideal como detalle de bienvenida para hoteles!<\/strong><br data-start=\"189\" data-end=\"192\" \/>Entrega r\u00e1pida y c\u00f3moda \u2013 \ud83d\udce6 Cajas de 500 unidades<\/p>\n<p data-start=\"244\" data-end=\"374\">\ud83c\udf3e <strong data-start=\"247\" data-end=\"278\">Gorro de Ducha Eco-Friendly<\/strong><br data-start=\"278\" data-end=\"281\" \/>Fabricado con un 30% de trigo \ud83c\udf3f<br data-start=\"313\" data-end=\"316\" \/>\u267b\ufe0f Presentado en elegante caja blanca de cart\u00f3n reciclable<\/p>\n<p data-start=\"376\" data-end=\"501\">\ud83e\uddf5 <strong data-start=\"379\" data-end=\"417\">Kit de Costura Pr\u00e1ctico y Discreto<\/strong><br data-start=\"417\" data-end=\"420\" \/>Todo lo esencial para peque\u00f1os arreglos, con presentaci\u00f3n minimalista y funcional<\/p>\n<p data-start=\"503\" data-end=\"645\">\ud83d\udc9a Una opci\u00f3n sostenible, funcional y est\u00e9tica para brindar a tus hu\u00e9spedes un extra de confort y atenci\u00f3n al detalle desde el primer momento.<\/p>\n","protected":false},"excerpt":{"rendered":"<p>Gorro de ducha y set de costura en caja blanca<\/p>\n","protected":false},"featured_media":8898,"template":"","meta":{"_acf_changed":false},"product_brand":[],"product_cat":[590,588,775],"product_tag":[],"class_list":{"0":"post-8897","1":"product","2":"type-product","3":"status-publish","4":"has-post-thumbnail","6":"product_cat-amenities-banho-para-hoteis","7":"product_cat-amenities-ecologicos","8":"product_cat-cosmeticos-hotel","10":"first","11":"instock","12":"sale","13":"taxable","14":"shipping-taxable","15":"purchasable","16":"product-type-simple"},"acf":[],"_links":{"self":[{"href":"https:\/\/www.brbimport.com\/pt-pt\/wp-json\/wp\/v2\/product\/8897","targetHints":{"allow":["GET"]}}],"collection":[{"href":"https:\/\/www.brbimport.com\/pt-pt\/wp-json\/wp\/v2\/product"}],"about":[{"href":"https:\/\/www.brbimport.com\/pt-pt\/wp-json\/wp\/v2\/types\/product"}],"wp:featuredmedia":[{"embeddable":true,"href":"https:\/\/www.brbimport.com\/pt-pt\/wp-json\/wp\/v2\/media\/8898"}],"wp:attachment":[{"href":"https:\/\/www.brbimport.com\/pt-pt\/wp-json\/wp\/v2\/media?parent=8897"}],"wp:term":[{"taxonomy":"product_brand","embeddable":true,"href":"https:\/\/www.brbimport.com\/pt-pt\/wp-json\/wp\/v2\/product_brand?post=8897"},{"taxonomy":"product_cat","embeddable":true,"href":"https:\/\/www.brbimport.com\/pt-pt\/wp-json\/wp\/v2\/product_cat?post=8897"},{"taxonomy":"product_tag","embeddable":true,"href":"https:\/\/www.brbimport.com\/pt-pt\/wp-json\/wp\/v2\/product_tag?post=8897"}],"curies":[{"name":"wp","href":"https:\/\/api.w.org\/{rel}","templated":true}]}}