{"id":8931,"date":"2025-04-15T15:29:03","date_gmt":"2025-04-15T15:29:03","guid":{"rendered":"https:\/\/www.brbimport.com\/neceser-canvas-olivia-thinks\/"},"modified":"2026-03-25T11:09:50","modified_gmt":"2026-03-25T11:09:50","slug":"neceser-canvas-olivia-thinks","status":"publish","type":"product","link":"https:\/\/www.brbimport.com\/pt-pt\/produto\/neceser-canvas-olivia-thinks\/","title":{"rendered":"Neceser canvas OLIVIA THINKS"},"content":{"rendered":"<p>Neceser de yute Olivia Thinks<\/p>\n<p>La forma m\u00e1s elegante y sostenible de presentar los productos Olivia Thinks en tus habitaciones.<\/p>\n<p>Ideal para ofrecer a tus hu\u00e9spedes una selecci\u00f3n completa de amenities de forma ordenada, cuidada y con un toque natural. Su dise\u00f1o ecol\u00f3gico y pr\u00e1ctico realza la presentaci\u00f3n y refuerza el compromiso con el bienestar y el medio ambiente.<\/p>\n<p>Perfecto para hoteles, casas rurales y alojamientos que buscan marcar la diferencia desde los detalles.<\/p>\n","protected":false},"excerpt":{"rendered":"<p>Neceser para productos OLIVIA THINKS<\/p>\n","protected":false},"featured_media":8932,"template":"","meta":{"_acf_changed":false},"product_brand":[],"product_cat":[],"product_tag":[],"class_list":{"0":"post-8931","1":"product","2":"type-product","3":"status-publish","4":"has-post-thumbnail","7":"first","8":"outofstock","9":"taxable","10":"shipping-taxable","11":"purchasable","12":"product-type-simple"},"acf":[],"_links":{"self":[{"href":"https:\/\/www.brbimport.com\/pt-pt\/wp-json\/wp\/v2\/product\/8931","targetHints":{"allow":["GET"]}}],"collection":[{"href":"https:\/\/www.brbimport.com\/pt-pt\/wp-json\/wp\/v2\/product"}],"about":[{"href":"https:\/\/www.brbimport.com\/pt-pt\/wp-json\/wp\/v2\/types\/product"}],"wp:featuredmedia":[{"embeddable":true,"href":"https:\/\/www.brbimport.com\/pt-pt\/wp-json\/wp\/v2\/media\/8932"}],"wp:attachment":[{"href":"https:\/\/www.brbimport.com\/pt-pt\/wp-json\/wp\/v2\/media?parent=8931"}],"wp:term":[{"taxonomy":"product_brand","embeddable":true,"href":"https:\/\/www.brbimport.com\/pt-pt\/wp-json\/wp\/v2\/product_brand?post=8931"},{"taxonomy":"product_cat","embeddable":true,"href":"https:\/\/www.brbimport.com\/pt-pt\/wp-json\/wp\/v2\/product_cat?post=8931"},{"taxonomy":"product_tag","embeddable":true,"href":"https:\/\/www.brbimport.com\/pt-pt\/wp-json\/wp\/v2\/product_tag?post=8931"}],"curies":[{"name":"wp","href":"https:\/\/api.w.org\/{rel}","templated":true}]}}