{"id":8934,"date":"2025-04-15T15:29:03","date_gmt":"2025-04-15T15:29:03","guid":{"rendered":"https:\/\/www.brbimport.com\/vanity-set-en-caja-blanca\/"},"modified":"2026-05-06T14:36:18","modified_gmt":"2026-05-06T14:36:18","slug":"vanity-set-en-caja-blanca","status":"publish","type":"product","link":"https:\/\/www.brbimport.com\/pt-pt\/produto\/vanity-set-en-caja-blanca\/","title":{"rendered":"Vanity set  en caja blanca"},"content":{"rendered":"<p>En <a href=\"https:\/\/www.brbimport.com\/pt-pt\/\">BRB Import<\/a> ofrecemos los mejores <strong>vanity kit hotel<\/strong>, dise\u00f1ados para brindar una experiencia de lujo y comodidad a sus hu\u00e9spedes. Nuestros kits destacan por su calidad superior y la posibilidad de adaptarse a la imagen de su establecimiento, gracias a su presentaci\u00f3n en caja blanca, donde podr\u00e1 incluir su logotipo y colores corporativos.<\/p>\n<h2>Detalles del Vanity Set para hoteles<\/h2>\n<p>El Vanity Set es un kit cosm\u00e9tico pensado para cubrir las necesidades b\u00e1sicas de higiene y cuidado personal de los hu\u00e9spedes. Dicho kit incluye elementos como discos de algod\u00f3n, bastoncillos, lima de u\u00f1as, y otros accesorios esenciales, presentados en una empaque elegante y sostenible.<\/p>\n<h2>Caracter\u00edsticas del Vanity Set en caja blanca<\/h2>\n<p>Entre las caracter\u00edsticas m\u00e1s destacables de este set de cosm\u00e9ticos, destacan:<\/p>\n<ul style=\"margin-top: 15px;\">\n<li style=\"margin-bottom: 10px;\"><strong>Minimalista \u2013 Adaptable<\/strong>: Gracias a su presentaci\u00f3n en caja blanca reciclable, puede incluir el logotipo de su hotel y elegir el dise\u00f1o que mejor se adapte a su marca, logrando una presentaci\u00f3n elegante y exclusiva.<\/li>\n<li style=\"margin-bottom: 10px;\"><strong>Contenido premium<\/strong>: Contiene accesorios esenciales como discos de algod\u00f3n, bastoncillos, limas de u\u00f1as, seleccionados cuidadosamente para satisfacer las necesidades de los hu\u00e9spedes.<\/li>\n<li style=\"margin-bottom: 10px;\"><strong>Empaques sostenibles<\/strong>: Ofrecemos opciones ecol\u00f3gicas, como empaques tipo kraft con materiales biodegradables, alineados con las tendencias actuales de sostenibilidad.<\/li>\n<li style=\"margin-bottom: 10px;\"><strong>Calidad garantizada<\/strong>: Todos los productos est\u00e1n fabricados con materiales de alta calidad, asegurando una experiencia superior durante la estancia.<\/li>\n<\/ul>\n<p>Adem\u00e1s, es importante destacar que se trata de un producto <strong>pr\u00e1ctico, higi\u00e9nico y listo para usar<\/strong>, el cual <strong>aporta orden y comodidad en cada estancia.<\/strong><\/p>\n<h2>La importancia del Vanity set<\/h2>\n<ul style=\"margin-top: 15px;\">\n<li style=\"margin-bottom: 10px;\"><strong>Mayor comodidad y satisfacci\u00f3n del hu\u00e9sped<\/strong>: Los vanity set ofrecen a los hu\u00e9spedes art\u00edculos esenciales para su cuidado diario e higiene, contribuyendo a una estancia m\u00e1s c\u00f3moda y satisfactoria. Los art\u00edculos de tocador de alta calidad pueden mejorar la percepci\u00f3n del hu\u00e9sped sobre su experiencia, fomentando su fidelidad y su deseo de regresar.<\/li>\n<li style=\"margin-bottom: 10px;\"><strong>Imagen de marca y personalizaci\u00f3n<\/strong>: BRB Import permite a los hoteles personalizar sin mayor dificultad los vanity kit con su imagen corporativa, creando una oferta \u00fanica y exclusiva, lo que refuerza la identidad del hotel y la atenci\u00f3n al detalle.<\/li>\n<li style=\"margin-bottom: 10px;\"><strong>Conveniencia y practicidad:<\/strong> Estos vanity set est\u00e1n dise\u00f1ados para la comodidad de los hu\u00e9spedes, ofreciendo art\u00edculos f\u00e1cilmente disponibles que son f\u00e1ciles de usar y transportar.<\/li>\n<\/ul>\n<p>Sin lugar a duda, se trata de un<strong> detalle sencillo pero valioso que tus hu\u00e9spedes sabr\u00e1n apreciar<\/strong>.<\/p>\n<h2>\u00bfPor qu\u00e9 elegir BRB Import?<\/h2>\n<p>El <strong>Vanity Set hotel <\/strong>de BRB Import es la elecci\u00f3n perfecta para hoteles que buscan ofrecer un detalle de acogida, de calidad, funcional y sostenible a sus hu\u00e9spedes. Mejora la percepci\u00f3n de su marca y eleva la experiencia de quienes se alojan en tu hotel con nuestros productos exclusivos.<\/p>\n<p>Te ofrecemos:<\/p>\n<ul style=\"margin-top: 15px;\">\n<li style=\"margin-bottom: 10px;\"><strong>Experiencia y confianza<\/strong>: Somos el proveedor n\u00famero uno en amenities para hoteles, con una amplia cartera de clientes satisfechos.<\/li>\n<li style=\"margin-bottom: 10px;\"><strong>Innovaci\u00f3n constante<\/strong>: Incorporamos las \u00faltimas tendencias en sostenibilidad y dise\u00f1o para ofrecer productos modernos y funcionales.<\/li>\n<li style=\"margin-bottom: 10px;\"><strong>Atenci\u00f3n personalizada<\/strong>: Nuestro equipo le asesora en todo momento para seleccionar el Vanity Set ideal para tu establecimiento.<\/li>\n<\/ul>\n<p>Para cualquier consulta, no dude en <a href=\"https:\/\/www.brbimport.com\/pt-pt\/contacto\/\">contactarnos<\/a>.<\/p>\n","protected":false},"excerpt":{"rendered":"<p>Vanity set en caja blanca<\/p>\n","protected":false},"featured_media":9783,"template":"","meta":{"_acf_changed":false},"product_brand":[],"product_cat":[590,588,592,775,570],"product_tag":[611],"class_list":{"0":"post-8934","1":"product","2":"type-product","3":"status-publish","4":"has-post-thumbnail","6":"product_cat-amenities-banho-para-hoteis","7":"product_cat-amenities-ecologicos","8":"product_cat-amenities-personalizados-para-hoteis","9":"product_cat-cosmeticos-hotel","10":"product_cat-gel-de-banho-e-champo-para-hoteis","11":"product_tag-cosmetico","13":"first","14":"instock","15":"sale","16":"taxable","17":"shipping-taxable","18":"purchasable","19":"product-type-simple"},"acf":[],"_links":{"self":[{"href":"https:\/\/www.brbimport.com\/pt-pt\/wp-json\/wp\/v2\/product\/8934","targetHints":{"allow":["GET"]}}],"collection":[{"href":"https:\/\/www.brbimport.com\/pt-pt\/wp-json\/wp\/v2\/product"}],"about":[{"href":"https:\/\/www.brbimport.com\/pt-pt\/wp-json\/wp\/v2\/types\/product"}],"wp:featuredmedia":[{"embeddable":true,"href":"https:\/\/www.brbimport.com\/pt-pt\/wp-json\/wp\/v2\/media\/9783"}],"wp:attachment":[{"href":"https:\/\/www.brbimport.com\/pt-pt\/wp-json\/wp\/v2\/media?parent=8934"}],"wp:term":[{"taxonomy":"product_brand","embeddable":true,"href":"https:\/\/www.brbimport.com\/pt-pt\/wp-json\/wp\/v2\/product_brand?post=8934"},{"taxonomy":"product_cat","embeddable":true,"href":"https:\/\/www.brbimport.com\/pt-pt\/wp-json\/wp\/v2\/product_cat?post=8934"},{"taxonomy":"product_tag","embeddable":true,"href":"https:\/\/www.brbimport.com\/pt-pt\/wp-json\/wp\/v2\/product_tag?post=8934"}],"curies":[{"name":"wp","href":"https:\/\/api.w.org\/{rel}","templated":true}]}}