{"id":8939,"date":"2025-04-15T15:29:03","date_gmt":"2025-04-15T15:29:03","guid":{"rendered":"https:\/\/www.brbimport.com\/zatatillas-hotel-eco-slipper-474\/"},"modified":"2026-04-20T15:32:37","modified_gmt":"2026-04-20T15:32:37","slug":"zatatillas-hotel-eco-slipper-474","status":"publish","type":"product","link":"https:\/\/www.brbimport.com\/pt-pt\/produto\/zatatillas-hotel-eco-slipper-474\/","title":{"rendered":"Zatatillas Hotel ECO SLIPPER 474"},"content":{"rendered":"<p data-start=\"138\" data-end=\"888\"><strong data-start=\"138\" data-end=\"200\">Eco Slippers: confort y conciencia ecol\u00f3gica en cada paso.<\/strong><\/p>\n<p data-start=\"347\" data-end=\"497\">\ud83e\uddf5 <strong data-start=\"350\" data-end=\"391\">Materiales naturales y biodegradables<\/strong><br data-start=\"391\" data-end=\"394\" \/>Fabricadas con <strong data-start=\"409\" data-end=\"425\">yute natural<\/strong> y <strong data-start=\"428\" data-end=\"452\">suela de paja marr\u00f3n<\/strong> para una pisada fresca, ligera y sostenible.<\/p>\n<p data-start=\"499\" data-end=\"605\">\ud83c\udf31 <strong data-start=\"502\" data-end=\"533\">Producto 100% biodegradable<\/strong><br data-start=\"533\" data-end=\"536\" \/>Pensado para reducir el impacto ambiental sin renunciar a la calidad.<\/p>\n<p data-start=\"607\" data-end=\"725\">\ud83d\udc63 <strong data-start=\"610\" data-end=\"629\">Confort premium<\/strong><br data-start=\"629\" data-end=\"632\" \/>Suela de <strong data-start=\"641\" data-end=\"650\">29 cm<\/strong>, ideal para la mayor\u00eda de los hu\u00e9spedes, brindando comodidad en cada paso.<\/p>\n<p data-start=\"727\" data-end=\"849\">\ud83e\uddf6 <strong data-start=\"730\" data-end=\"763\">Dise\u00f1o elegante y responsable<\/strong><br data-start=\"763\" data-end=\"766\" \/>Con <strong data-start=\"770\" data-end=\"792\">bordado decorativo<\/strong> y <strong data-start=\"795\" data-end=\"812\">marca lateral<\/strong> que refuerzan su est\u00e9tica ecol\u00f3gica.<\/p>\n<p data-start=\"851\" data-end=\"992\">\ud83d\udce6 <strong data-start=\"854\" data-end=\"881\">Presentaci\u00f3n sostenible<\/strong><br data-start=\"881\" data-end=\"884\" \/>Envueltas en <strong data-start=\"897\" data-end=\"929\">banda de papel kraft impresa<\/strong>, que transmite su filosof\u00eda ecol\u00f3gica desde el primer vistazo.<\/p>\n<p data-start=\"994\" data-end=\"1110\">\u26a1 <strong data-start=\"996\" data-end=\"1035\">Entregas c\u00f3modas, f\u00e1ciles y r\u00e1pidas<\/strong><br data-start=\"1035\" data-end=\"1038\" \/>Log\u00edstica eficiente para que puedas reponer tu stock sin complicaciones.<\/p>\n<p data-start=\"1112\" data-end=\"1277\">\ud83c\udf0d <strong data-start=\"1115\" data-end=\"1173\">Perfectas para mejorar la huella ambiental de tu hotel<\/strong><br data-start=\"1173\" data-end=\"1176\" \/>Una elecci\u00f3n consciente que eleva la experiencia del hu\u00e9sped y refuerza el compromiso con el planeta.<\/p>\n","protected":false},"excerpt":{"rendered":"<p>Zapatilla de hotel para habitaci\u00f3n cerrada ECO modelo 474 y con banda de papel kraft ecologica.<\/p>\n","protected":false},"featured_media":8940,"template":"","meta":{"_acf_changed":false},"product_brand":[],"product_cat":[567,566,568,586],"product_tag":[],"class_list":{"0":"post-8939","1":"product","2":"type-product","3":"status-publish","4":"has-post-thumbnail","6":"product_cat-chinelos-de-hotel-ecologicos","7":"product_cat-chinelos-de-hotel-personalizados","8":"product_cat-chinelos-descartaveis","9":"product_cat-pantufas-de-hotel","11":"first","12":"instock","13":"taxable","14":"shipping-taxable","15":"purchasable","16":"product-type-simple"},"acf":[],"_links":{"self":[{"href":"https:\/\/www.brbimport.com\/pt-pt\/wp-json\/wp\/v2\/product\/8939","targetHints":{"allow":["GET"]}}],"collection":[{"href":"https:\/\/www.brbimport.com\/pt-pt\/wp-json\/wp\/v2\/product"}],"about":[{"href":"https:\/\/www.brbimport.com\/pt-pt\/wp-json\/wp\/v2\/types\/product"}],"wp:featuredmedia":[{"embeddable":true,"href":"https:\/\/www.brbimport.com\/pt-pt\/wp-json\/wp\/v2\/media\/8940"}],"wp:attachment":[{"href":"https:\/\/www.brbimport.com\/pt-pt\/wp-json\/wp\/v2\/media?parent=8939"}],"wp:term":[{"taxonomy":"product_brand","embeddable":true,"href":"https:\/\/www.brbimport.com\/pt-pt\/wp-json\/wp\/v2\/product_brand?post=8939"},{"taxonomy":"product_cat","embeddable":true,"href":"https:\/\/www.brbimport.com\/pt-pt\/wp-json\/wp\/v2\/product_cat?post=8939"},{"taxonomy":"product_tag","embeddable":true,"href":"https:\/\/www.brbimport.com\/pt-pt\/wp-json\/wp\/v2\/product_tag?post=8939"}],"curies":[{"name":"wp","href":"https:\/\/api.w.org\/{rel}","templated":true}]}}