{"id":8943,"date":"2025-04-15T15:29:03","date_gmt":"2025-04-15T15:29:03","guid":{"rendered":"https:\/\/www.brbimport.com\/zapatilla-hotel-velour-modelo-309\/"},"modified":"2026-04-29T12:56:13","modified_gmt":"2026-04-29T12:56:13","slug":"zapatilla-hotel-velour-modelo-309","status":"publish","type":"product","link":"https:\/\/www.brbimport.com\/pt-pt\/produto\/zapatilla-hotel-velour-modelo-309\/","title":{"rendered":"Zapatilla hotel velour modelo 309"},"content":{"rendered":"<p>Las zapatillas 309 cerrado han sido dise\u00f1adas para ofrecer el m\u00e1ximo confort y una sensaci\u00f3n de suavidad inigualable, convirti\u00e9ndose en la opci\u00f3n ideal para hoteles, spas y resorts que desean brindar una experiencia de lujo a sus hu\u00e9spedes.<\/p>\n<p>El tejido de velour, elaborado con una combinaci\u00f3n de poli\u00e9ster y algod\u00f3n, proporciona una textura agradable al tacto y una gran durabilidad. Adem\u00e1s, su acolchado extra, con 3 + 5 mm en la parte superior y 5 mm en la sobresuela, garantiza un ajuste c\u00f3modo y un soporte \u00f3ptimo en cada paso.<\/p>\n<p>La suela, fabricada en caucho de 4 mm con grabado antideslizante, asegura estabilidad y seguridad en superficies lisas, mientras que el contorno con cord\u00f3n de algod\u00f3n a\u00f1ade un acabado elegante y sofisticado. Con una talla est\u00e1ndar de 29 cm, estas zapatillas son perfectas para adaptarse a la mayor\u00eda de los hu\u00e9spedes.<\/p>\n<p>Pensando en la sostenibilidad, cada par se presenta con una banda de papel kraft impresa, y su distribuci\u00f3n se optimiza en cajas de 100 pares, facilitando su almacenamiento y gesti\u00f3n.<\/p>\n<p>Con las zapatillas 309 de BRB IMPORT, cada estancia se convierte en una experiencia de confort y sofisticaci\u00f3n, asegurando el bienestar de los hu\u00e9spedes con un producto de calidad superior.<\/p>\n","protected":false},"excerpt":{"rendered":"<p>Zapatilla de hotel para habitaci\u00f3n cerrada en tejido velour modelo 309 y con banda de papel kraft ecologica.<\/p>\n","protected":false},"featured_media":9982,"template":"","meta":{"_acf_changed":false},"product_brand":[],"product_cat":[566,568,586],"product_tag":[],"class_list":{"0":"post-8943","1":"product","2":"type-product","3":"status-publish","4":"has-post-thumbnail","6":"product_cat-chinelos-de-hotel-personalizados","7":"product_cat-chinelos-descartaveis","8":"product_cat-pantufas-de-hotel","10":"first","11":"outofstock","12":"taxable","13":"shipping-taxable","14":"purchasable","15":"product-type-simple"},"acf":[],"_links":{"self":[{"href":"https:\/\/www.brbimport.com\/pt-pt\/wp-json\/wp\/v2\/product\/8943","targetHints":{"allow":["GET"]}}],"collection":[{"href":"https:\/\/www.brbimport.com\/pt-pt\/wp-json\/wp\/v2\/product"}],"about":[{"href":"https:\/\/www.brbimport.com\/pt-pt\/wp-json\/wp\/v2\/types\/product"}],"wp:featuredmedia":[{"embeddable":true,"href":"https:\/\/www.brbimport.com\/pt-pt\/wp-json\/wp\/v2\/media\/9982"}],"wp:attachment":[{"href":"https:\/\/www.brbimport.com\/pt-pt\/wp-json\/wp\/v2\/media?parent=8943"}],"wp:term":[{"taxonomy":"product_brand","embeddable":true,"href":"https:\/\/www.brbimport.com\/pt-pt\/wp-json\/wp\/v2\/product_brand?post=8943"},{"taxonomy":"product_cat","embeddable":true,"href":"https:\/\/www.brbimport.com\/pt-pt\/wp-json\/wp\/v2\/product_cat?post=8943"},{"taxonomy":"product_tag","embeddable":true,"href":"https:\/\/www.brbimport.com\/pt-pt\/wp-json\/wp\/v2\/product_tag?post=8943"}],"curies":[{"name":"wp","href":"https:\/\/api.w.org\/{rel}","templated":true}]}}