{"id":8998,"date":"2025-04-15T15:29:03","date_gmt":"2025-04-15T15:29:03","guid":{"rendered":"https:\/\/www.brbimport.com\/locion-corporal-olivia-thinks-70ml\/"},"modified":"2026-03-25T11:11:34","modified_gmt":"2026-03-25T11:11:34","slug":"locion-corporal-olivia-thinks-70ml","status":"publish","type":"product","link":"https:\/\/www.brbimport.com\/pt-pt\/produto\/locion-corporal-olivia-thinks-70ml\/","title":{"rendered":"Loci\u00f3n corporal OLIVIA THINKS 70ml"},"content":{"rendered":"<h3 data-start=\"78\" data-end=\"145\">\ud83e\uddf4 Loci\u00f3n Corporal Olivia Thinks \u2013 Hidrataci\u00f3n Natural y Vegana<\/h3>\n<p data-start=\"147\" data-end=\"200\"><strong data-start=\"147\" data-end=\"200\">Piel suave, el\u00e1stica y visiblemente m\u00e1s saludable<\/strong><\/p>\n<p data-start=\"202\" data-end=\"498\">La <strong data-start=\"205\" data-end=\"238\">Loci\u00f3n Corporal Olivia Thinks<\/strong> est\u00e1 formulada con <strong data-start=\"258\" data-end=\"300\">extractos org\u00e1nicos de aceite de oliva<\/strong>, antioxidantes y una mezcla de peque\u00f1as mol\u00e9culas higrosc\u00f3picas que <strong data-start=\"369\" data-end=\"432\">restablecen el equilibrio natural de hidrataci\u00f3n de la piel<\/strong>, mejorando su elasticidad y suavidad desde la primera aplicaci\u00f3n.<\/p>\n<p data-start=\"500\" data-end=\"613\">\ud83c\udf3f <strong data-start=\"503\" data-end=\"536\">96% de ingredientes naturales<\/strong><br data-start=\"536\" data-end=\"539\" \/>\ud83c\udf31 <strong data-start=\"542\" data-end=\"565\">F\u00f3rmula 100% vegana<\/strong><br data-start=\"565\" data-end=\"568\" \/>\ud83d\udeab 0% Parabenos \u2013 0% SLES \u2013 0% Aceite Mineral<\/p>\n<p data-start=\"615\" data-end=\"632\">\u2728 <strong data-start=\"617\" data-end=\"631\">Beneficios<\/strong>:<\/p>\n<ul data-start=\"633\" data-end=\"783\">\n<li data-start=\"633\" data-end=\"677\">\n<p data-start=\"635\" data-end=\"677\">Hidrataci\u00f3n profunda sin sensaci\u00f3n grasa<\/p>\n<\/li>\n<li data-start=\"678\" data-end=\"724\">\n<p data-start=\"680\" data-end=\"724\">Mejora la elasticidad y textura de la piel<\/p>\n<\/li>\n<li data-start=\"725\" data-end=\"783\">\n<p data-start=\"727\" data-end=\"783\">Apta para todo tipo de pieles, incluso las m\u00e1s sensibles<\/p>\n<\/li>\n<\/ul>\n<p data-start=\"785\" data-end=\"902\">Ideal para hoteles, spas o alojamientos que desean ofrecer un cuidado corporal de alta calidad, natural y sostenible.<\/p>\n","protected":false},"excerpt":{"rendered":"<p>Loci\u00f3n corporal OLIVIA THINKS de 70ml.<\/p>\n","protected":false},"featured_media":9000,"template":"","meta":{"_acf_changed":false},"product_brand":[],"product_cat":[],"product_tag":[611],"class_list":{"0":"post-8998","1":"product","2":"type-product","3":"status-publish","4":"has-post-thumbnail","6":"product_tag-cosmetico","8":"first","9":"instock","10":"taxable","11":"shipping-taxable","12":"purchasable","13":"product-type-simple"},"acf":[],"_links":{"self":[{"href":"https:\/\/www.brbimport.com\/pt-pt\/wp-json\/wp\/v2\/product\/8998","targetHints":{"allow":["GET"]}}],"collection":[{"href":"https:\/\/www.brbimport.com\/pt-pt\/wp-json\/wp\/v2\/product"}],"about":[{"href":"https:\/\/www.brbimport.com\/pt-pt\/wp-json\/wp\/v2\/types\/product"}],"wp:featuredmedia":[{"embeddable":true,"href":"https:\/\/www.brbimport.com\/pt-pt\/wp-json\/wp\/v2\/media\/9000"}],"wp:attachment":[{"href":"https:\/\/www.brbimport.com\/pt-pt\/wp-json\/wp\/v2\/media?parent=8998"}],"wp:term":[{"taxonomy":"product_brand","embeddable":true,"href":"https:\/\/www.brbimport.com\/pt-pt\/wp-json\/wp\/v2\/product_brand?post=8998"},{"taxonomy":"product_cat","embeddable":true,"href":"https:\/\/www.brbimport.com\/pt-pt\/wp-json\/wp\/v2\/product_cat?post=8998"},{"taxonomy":"product_tag","embeddable":true,"href":"https:\/\/www.brbimport.com\/pt-pt\/wp-json\/wp\/v2\/product_tag?post=8998"}],"curies":[{"name":"wp","href":"https:\/\/api.w.org\/{rel}","templated":true}]}}