{"id":9035,"date":"2025-03-26T17:22:26","date_gmt":"2025-03-26T17:22:26","guid":{"rendered":"https:\/\/www.brbimport.com\/zapatillas-para-hotel-bio-modelo-408\/"},"modified":"2026-04-20T15:32:39","modified_gmt":"2026-04-20T15:32:39","slug":"zapatillas-para-hotel-bio-modelo-408","status":"publish","type":"product","link":"https:\/\/www.brbimport.com\/pt-pt\/produto\/zapatillas-para-hotel-bio-modelo-408\/","title":{"rendered":"Zapatillas para hotel BIO modelo 408"},"content":{"rendered":"<p>Zapatilla Cerrada de Yute: Naturalidad y Comodidad en Cada Paso<\/p>\n<p>Presentamos nuestra zapatilla cerrada de yute marr\u00f3n, un modelo que combina materiales naturales, confort y dise\u00f1o para ofrecer a tus hu\u00e9spedes una experiencia \u00fanica. Ideal para hoteles, spas y resorts que buscan productos ecol\u00f3gicos y de alta calidad.<\/p>\n<p>Elaborada con yute marr\u00f3n, un material natural y resistente, esta zapatilla cuenta con un forro de tela de algod\u00f3n que proporciona suavidad al contacto con la piel. Su almohadilla de esponja, con relleno superior de 3mm + 3mm y relleno inferior de 5mm, asegura una pisada c\u00f3moda y amortiguada durante todo el d\u00eda.<\/p>\n<p>La plantilla de cart\u00f3n grueso aporta firmeza, mientras que la suela de tela de yute oscuro ofrece durabilidad y resistencia, adapt\u00e1ndose a diferentes tipos de superficies. Con un tama\u00f1o est\u00e1ndar de 29 cm, este modelo es vers\u00e1til y c\u00f3modo para la mayor\u00eda de los hu\u00e9spedes.<\/p>\n<p>El embalaje est\u00e1 pensado en la sostenibilidad, utilizando una banda de papel que elimina el uso de pl\u00e1sticos y minimiza el impacto ambiental. Cada caja contiene 100 pares (con dimensiones de 55 x 31 x 55 cm), optimizando el almacenamiento y distribuci\u00f3n.<\/p>\n<p>Si buscas una opci\u00f3n ecol\u00f3gica, elegante y c\u00f3moda para tus hu\u00e9spedes, esta zapatilla cerrada de yute es la elecci\u00f3n perfecta.<\/p>\n","protected":false},"excerpt":{"rendered":"<p>Zapatillas de hotel en yute, modelo BIO con banda de papel Kraft<\/p>\n","protected":false},"featured_media":8454,"template":"","meta":{"_acf_changed":false},"product_brand":[],"product_cat":[567,566,568,586],"product_tag":[],"class_list":{"0":"post-9035","1":"product","2":"type-product","3":"status-publish","4":"has-post-thumbnail","6":"product_cat-chinelos-de-hotel-ecologicos","7":"product_cat-chinelos-de-hotel-personalizados","8":"product_cat-chinelos-descartaveis","9":"product_cat-pantufas-de-hotel","11":"first","12":"instock","13":"taxable","14":"shipping-taxable","15":"purchasable","16":"product-type-simple"},"acf":[],"_links":{"self":[{"href":"https:\/\/www.brbimport.com\/pt-pt\/wp-json\/wp\/v2\/product\/9035","targetHints":{"allow":["GET"]}}],"collection":[{"href":"https:\/\/www.brbimport.com\/pt-pt\/wp-json\/wp\/v2\/product"}],"about":[{"href":"https:\/\/www.brbimport.com\/pt-pt\/wp-json\/wp\/v2\/types\/product"}],"wp:featuredmedia":[{"embeddable":true,"href":"https:\/\/www.brbimport.com\/pt-pt\/wp-json\/wp\/v2\/media\/8454"}],"wp:attachment":[{"href":"https:\/\/www.brbimport.com\/pt-pt\/wp-json\/wp\/v2\/media?parent=9035"}],"wp:term":[{"taxonomy":"product_brand","embeddable":true,"href":"https:\/\/www.brbimport.com\/pt-pt\/wp-json\/wp\/v2\/product_brand?post=9035"},{"taxonomy":"product_cat","embeddable":true,"href":"https:\/\/www.brbimport.com\/pt-pt\/wp-json\/wp\/v2\/product_cat?post=9035"},{"taxonomy":"product_tag","embeddable":true,"href":"https:\/\/www.brbimport.com\/pt-pt\/wp-json\/wp\/v2\/product_tag?post=9035"}],"curies":[{"name":"wp","href":"https:\/\/api.w.org\/{rel}","templated":true}]}}