{"id":9058,"date":"2025-06-23T10:54:57","date_gmt":"2025-06-23T10:54:57","guid":{"rendered":"https:\/\/www.brbimport.com\/kit-de-afeitado-en-papel-kraft\/"},"modified":"2026-03-09T15:15:39","modified_gmt":"2026-03-09T15:15:39","slug":"kit-de-afeitado-en-papel-kraft","status":"publish","type":"product","link":"https:\/\/www.brbimport.com\/pt-pt\/produto\/kit-de-afeitado-en-papel-kraft\/","title":{"rendered":"kit de afeitado en papel kraft"},"content":{"rendered":"<h3 data-start=\"135\" data-end=\"201\"><strong data-start=\"139\" data-end=\"201\">Shaving Set Eco-Friendly para Hoteles \u2013 Pack x200 unidades<\/strong><\/h3>\n<p data-start=\"203\" data-end=\"428\"><strong data-start=\"203\" data-end=\"225\">Contenido del set:<\/strong><\/p>\n<p>\ud83e\ude92 <em data-start=\"229\" data-end=\"270\">Rasuradora ecol\u00f3gica de almid\u00f3n de ma\u00edz<\/em><br data-start=\"270\" data-end=\"273\" \/>\ud83e\udee7 <em data-start=\"276\" data-end=\"311\">Crema de afeitar de 3g sin benzol<\/em><br data-start=\"311\" data-end=\"314\" \/>\ud83d\udce6 <em data-start=\"317\" data-end=\"428\">Presentado en bolsita flow wrap de papel kraft con sobre FSC \u2013 sin film interior y con pegamento eco-friendly<\/em><\/p>\n<p data-start=\"435\" data-end=\"673\"><strong data-start=\"435\" data-end=\"537\">\ud83c\udf31 100% sostenible, libre de pl\u00e1sticos y perfecto para hoteles responsables con el medio ambiente.<\/strong><br data-start=\"537\" data-end=\"540\" \/>Ideal para ofrecer una experiencia de afeitado limpia, segura y alineada con las nuevas exigencias ecol\u00f3gicas del sector hospitality.<\/p>\n<p data-start=\"675\" data-end=\"794\">\u2705 Sin benzol<br data-start=\"687\" data-end=\"690\" \/>\u2705 Packaging sin pl\u00e1sticos<br data-start=\"715\" data-end=\"718\" \/>\u2705 Papel kraft certificado FSC<br data-start=\"747\" data-end=\"750\" \/>\u2705 Apto para hoteles ecol\u00f3gicos y sostenibles<\/p>\n<p data-start=\"801\" data-end=\"875\">\ud83d\uded2 <strong data-start=\"804\" data-end=\"829\">Caja de 200 unidades.<\/strong><br data-start=\"829\" data-end=\"832\" \/>\ud83d\udce6 Entrega r\u00e1pida y atenci\u00f3n personalizada.<\/p>\n","protected":false},"excerpt":{"rendered":"<p>Kit de afeitado eco-friendly para hoteles<\/p>\n","protected":false},"featured_media":9060,"template":"","meta":{"_acf_changed":false},"product_brand":[],"product_cat":[],"product_tag":[],"class_list":{"0":"post-9058","1":"product","2":"type-product","3":"status-publish","4":"has-post-thumbnail","7":"first","8":"instock","9":"taxable","10":"shipping-taxable","11":"purchasable","12":"product-type-simple"},"acf":[],"_links":{"self":[{"href":"https:\/\/www.brbimport.com\/pt-pt\/wp-json\/wp\/v2\/product\/9058","targetHints":{"allow":["GET"]}}],"collection":[{"href":"https:\/\/www.brbimport.com\/pt-pt\/wp-json\/wp\/v2\/product"}],"about":[{"href":"https:\/\/www.brbimport.com\/pt-pt\/wp-json\/wp\/v2\/types\/product"}],"wp:featuredmedia":[{"embeddable":true,"href":"https:\/\/www.brbimport.com\/pt-pt\/wp-json\/wp\/v2\/media\/9060"}],"wp:attachment":[{"href":"https:\/\/www.brbimport.com\/pt-pt\/wp-json\/wp\/v2\/media?parent=9058"}],"wp:term":[{"taxonomy":"product_brand","embeddable":true,"href":"https:\/\/www.brbimport.com\/pt-pt\/wp-json\/wp\/v2\/product_brand?post=9058"},{"taxonomy":"product_cat","embeddable":true,"href":"https:\/\/www.brbimport.com\/pt-pt\/wp-json\/wp\/v2\/product_cat?post=9058"},{"taxonomy":"product_tag","embeddable":true,"href":"https:\/\/www.brbimport.com\/pt-pt\/wp-json\/wp\/v2\/product_tag?post=9058"}],"curies":[{"name":"wp","href":"https:\/\/api.w.org\/{rel}","templated":true}]}}