{"id":9106,"date":"2025-06-09T10:21:12","date_gmt":"2025-06-09T10:21:12","guid":{"rendered":"https:\/\/www.brbimport.com\/paraguas-para-hotel-personalizables\/"},"modified":"2026-03-09T15:15:42","modified_gmt":"2026-03-09T15:15:42","slug":"paraguas-para-hotel-personalizables","status":"publish","type":"product","link":"https:\/\/www.brbimport.com\/pt-pt\/produto\/paraguas-para-hotel-personalizables\/","title":{"rendered":"Paraguas para hotel personalizables"},"content":{"rendered":"<p data-start=\"112\" data-end=\"187\"><strong data-start=\"112\" data-end=\"187\">Paraguas para Hoteles \u2013 Personalizables con el Logo del Establecimiento<\/strong><\/p>\n<p data-start=\"189\" data-end=\"457\">Paraguas elegantes, resistentes y funcionales, ideales para ofrecer a los hu\u00e9spedes un detalle pr\u00e1ctico en d\u00edas de lluvia. Su dise\u00f1o profesional de 23&#8243; con varilla y mango de madera\u00a0 y la posibilidad de personalizaci\u00f3n con el logo del hotel los convierten en un accesorio \u00fatil y representativo de tu marca.<\/p>\n<ul data-start=\"459\" data-end=\"776\">\n<li data-start=\"529\" data-end=\"571\">\n<p data-start=\"531\" data-end=\"571\"><strong data-start=\"531\" data-end=\"569\">Apertura autom\u00e1tica y cierre f\u00e1cil<\/strong><\/p>\n<\/li>\n<li data-start=\"572\" data-end=\"636\">\n<p data-start=\"574\" data-end=\"636\"><strong data-start=\"574\" data-end=\"598\">Colores disponibles:<\/strong> Varios (consultar carta de colores)<\/p>\n<\/li>\n<li data-start=\"637\" data-end=\"714\">\n<p data-start=\"639\" data-end=\"714\"><strong data-start=\"639\" data-end=\"659\">Personalizaci\u00f3n:<\/strong> Impresi\u00f3n del logo del hotel en uno o varios paneles.<\/p>\n<\/li>\n<li data-start=\"715\" data-end=\"776\">\n<p data-start=\"717\" data-end=\"776\"><strong data-start=\"717\" data-end=\"734\">Presentaci\u00f3n:<\/strong> Cantidades m\u00ednimas de 100 unidades para personalizaci\u00f3n.<\/p>\n<\/li>\n<\/ul>\n<p data-start=\"778\" data-end=\"877\">\ud83d\udd39 <em data-start=\"781\" data-end=\"877\">Un detalle de cortes\u00eda que suma valor, refuerza tu imagen y mejora la experiencia del hu\u00e9sped.<\/em><\/p>\n","protected":false},"excerpt":{"rendered":"<p>Paraguas para Hoteles \u2013 Personalizables con el Logo del Establecimiento Paraguas elegantes, resistentes y funcionales, ideales para ofrecer a los hu\u00e9spedes un detalle pr\u00e1ctico en d\u00edas de lluvia. Su dise\u00f1o profesional de 23&#8243; con varilla y mango de madera\u00a0 y la posibilidad de personalizaci\u00f3n con el logo del hotel los convierten en un accesorio \u00fatil [&hellip;]<\/p>\n","protected":false},"featured_media":9108,"template":"","meta":{"_acf_changed":false},"product_brand":[],"product_cat":[],"product_tag":[],"class_list":{"0":"post-9106","1":"product","2":"type-product","3":"status-publish","4":"has-post-thumbnail","7":"first","8":"outofstock","9":"taxable","10":"shipping-taxable","11":"purchasable","12":"product-type-simple"},"acf":[],"_links":{"self":[{"href":"https:\/\/www.brbimport.com\/pt-pt\/wp-json\/wp\/v2\/product\/9106","targetHints":{"allow":["GET"]}}],"collection":[{"href":"https:\/\/www.brbimport.com\/pt-pt\/wp-json\/wp\/v2\/product"}],"about":[{"href":"https:\/\/www.brbimport.com\/pt-pt\/wp-json\/wp\/v2\/types\/product"}],"wp:featuredmedia":[{"embeddable":true,"href":"https:\/\/www.brbimport.com\/pt-pt\/wp-json\/wp\/v2\/media\/9108"}],"wp:attachment":[{"href":"https:\/\/www.brbimport.com\/pt-pt\/wp-json\/wp\/v2\/media?parent=9106"}],"wp:term":[{"taxonomy":"product_brand","embeddable":true,"href":"https:\/\/www.brbimport.com\/pt-pt\/wp-json\/wp\/v2\/product_brand?post=9106"},{"taxonomy":"product_cat","embeddable":true,"href":"https:\/\/www.brbimport.com\/pt-pt\/wp-json\/wp\/v2\/product_cat?post=9106"},{"taxonomy":"product_tag","embeddable":true,"href":"https:\/\/www.brbimport.com\/pt-pt\/wp-json\/wp\/v2\/product_tag?post=9106"}],"curies":[{"name":"wp","href":"https:\/\/api.w.org\/{rel}","templated":true}]}}